{"id":177,"date":"2020-06-16T19:43:05","date_gmt":"2020-06-16T19:43:05","guid":{"rendered":"http:\/\/koe.la\/koenewsletter\/?page_id=177"},"modified":"2020-06-18T16:19:56","modified_gmt":"2020-06-18T16:19:56","slug":"productores","status":"publish","type":"page","link":"https:\/\/koe.la\/koenewsletter\/productores\/","title":{"rendered":"Productores"},"content":{"rendered":"\n<h2 class=\"has-text-align-center\"><strong><span class=\"has-inline-color has-primary-color\"><em>Productores y Colaboradores<\/em><\/span><\/strong><\/h2>\n\n\n\n<div style=\"height:48px\" aria-hidden=\"true\" class=\"wp-block-spacer\"><\/div>\n\n\n\n<div class=\"wp-block-coblocks-author\"><figure class=\"wp-block-coblocks-author__avatar\"><img class=\"wp-block-coblocks-author__avatar-img\" src=\"http:\/\/koe.la\/koenewsletter\/wp-content\/uploads\/2020\/06\/WhatsApp-Image-2020-06-17-at-11.53.59-e1592410882306.jpeg\" alt=\"<strong&gt;<span style=&quot;color:#3f46ae&quot; class=&quot;has-inline-color&quot;&gt;Alfredo Clark<\/span&gt;<\/strong&gt;\"\/><\/figure><div class=\"wp-block-coblocks-author__content\"><span class=\"wp-block-coblocks-author__name\"><strong><span style=\"color:#3f46ae\" class=\"has-inline-color\">Alfredo Clark<\/span><\/strong><\/span><p class=\"wp-block-coblocks-author__biography\"><em>Como Director Corporativo de Monitoria de KOE, me place presentarles nuestro KOE Newsletter, por medio del cual los mantendremos informados en cuanto a los temas de la actualidad, as\u00ed como tambi\u00e9n sobre los \u00faltimos desarrollos y lanzamientos que hemos realizado en KOE para hacer de su proceso de aprendizaje uno m\u00e1s f\u00e1cil, r\u00e1pido y entretenido<\/em>\u00ab.<\/p>\n<div class=\"wp-block-button\"><a class=\"wp-block-button__link\">Editor en Jefe<\/a><\/div>\n<\/div><\/div>\n\n\n\n<div class=\"wp-block-coblocks-author\"><figure class=\"wp-block-coblocks-author__avatar\"><img class=\"wp-block-coblocks-author__avatar-img\" src=\"http:\/\/koe.la\/koenewsletter\/wp-content\/uploads\/2020\/06\/WhatsApp-Image-2020-06-17-at-11.53.47-1-e1592410909645.jpeg\" alt=\"<strong&gt;<span class=&quot;has-inline-color has-primary-color&quot;&gt;Mario Kocher<\/span&gt;<\/strong&gt;\"\/><\/figure><div class=\"wp-block-coblocks-author__content\"><span class=\"wp-block-coblocks-author__name\"><strong><span class=\"has-inline-color has-primary-color\">Mario Kocher<\/span><\/strong><\/span><p class=\"wp-block-coblocks-author__biography\"><em>\u00abTodo el material entretenido que preparamos para nuestros usuarios, brinda temas diversos para que todos puedan tener acceso a nuevo vocabulario y adem\u00e1s lo pueda asociar con la f\u00f3rmula del programa Fast &amp; Easy de KOE<\/em>\u00ab.<\/p>\n<div class=\"wp-block-button\"><a class=\"wp-block-button__link\">Productor <\/a><\/div>\n<\/div><\/div>\n\n\n\n<div class=\"wp-block-coblocks-author\"><figure class=\"wp-block-coblocks-author__avatar\"><img class=\"wp-block-coblocks-author__avatar-img\" src=\"http:\/\/koe.la\/koenewsletter\/wp-content\/uploads\/2020\/06\/WhatsApp-Image-2020-06-17-at-11.53.46-e1592410935875.jpeg\" alt=\"<span class=&quot;has-inline-color has-primary-color&quot;&gt;<strong&gt;\u00c1ngel Garc\u00eda<\/strong&gt;<\/span&gt;\"\/><\/figure><div class=\"wp-block-coblocks-author__content\"><span class=\"wp-block-coblocks-author__name\"><span class=\"has-inline-color has-primary-color\"><strong>\u00c1ngel Garc\u00eda<\/strong><\/span><\/span><p class=\"wp-block-coblocks-author__biography\"><em>KOE News Letter es una herramienta con la que queremos darles a todos ustedes, nuestros usuarios y usuarios potenciales, lo mejor de nosotros y de nuestro m\u00e9todo Fast &amp; Easy. Mes con mes, estaremos abriendo una ventana al mundo del ingl\u00e9s con noticias, art\u00edculos y contenidos relevantes de actualidad; adem\u00e1s de brindarles actividades con las que pondr\u00e1n a prueba sus conocimientos del ingl\u00e9s de una manera entretenida y divertida<\/em>.\u00bb<\/p>\n<div class=\"wp-block-button\"><a class=\"wp-block-button__link\">Productor<\/a><\/div>\n<\/div><\/div>\n\n\n\n<div class=\"wp-block-coblocks-author\"><figure class=\"wp-block-coblocks-author__avatar\"><img class=\"wp-block-coblocks-author__avatar-img\" src=\"http:\/\/koe.la\/koenewsletter\/wp-content\/uploads\/2020\/06\/WhatsApp-Image-2020-06-17-at-11.53.47-e1592410954452.jpeg\" alt=\"<strong&gt;<span class=&quot;has-inline-color has-primary-color&quot;&gt;Evelyn Acevedo<\/span&gt;<\/strong&gt;\"\/><\/figure><div class=\"wp-block-coblocks-author__content\"><span class=\"wp-block-coblocks-author__name\"><strong><span class=\"has-inline-color has-primary-color\">Evelyn Acevedo<\/span><\/strong><\/span><p class=\"wp-block-coblocks-author__biography\"><em>\u00abTrabajamos en una herramienta pr\u00e1ctica y din\u00e1mica que motiva al usuario a probar sus conocimientos a trav\u00e9s de temas y actividades. Me encanta el KOE Newsletter porque brindamos al usuario un proceso divertido de aprendizaje<\/em>\u00ab.<\/p>\n<div class=\"wp-block-button\"><a class=\"wp-block-button__link\">Productora<\/a><\/div>\n<\/div><\/div>\n\n\n\n<div class=\"wp-block-coblocks-author\"><figure class=\"wp-block-coblocks-author__avatar\"><img class=\"wp-block-coblocks-author__avatar-img\" src=\"http:\/\/koe.la\/koenewsletter\/wp-content\/uploads\/2020\/06\/JUAN-PABLO-RUZ-e1592406693734.jpg\" alt=\"<strong&gt;<span class=&quot;has-inline-color has-primary-color&quot;&gt;Juan Pablo Ruz<\/span&gt;<\/strong&gt;\"\/><\/figure><div class=\"wp-block-coblocks-author__content\"><span class=\"wp-block-coblocks-author__name\"><strong><span class=\"has-inline-color has-primary-color\">Juan Pablo Ruz<\/span><\/strong><\/span><p class=\"wp-block-coblocks-author__biography\"><em>\u00abEn un agrado ser parte del desarrollo de una herramienta como lo es el KOE Newsletter. Nuestros usuarios podr\u00e1n disfrutar de un material de calidad creado por el gran equipo de KOE\u00bb.<\/em><\/p>\n<div class=\"wp-block-button\"><a class=\"wp-block-button__link\">Asistente Editorial<\/a><\/div>\n<\/div><\/div>\n\n\n\n<div class=\"wp-block-coblocks-author\"><figure class=\"wp-block-coblocks-author__avatar\"><img class=\"wp-block-coblocks-author__avatar-img\" src=\"http:\/\/koe.la\/koenewsletter\/wp-content\/uploads\/2020\/06\/VERONICA-ROJAS-e1592406732956.jpg\" alt=\"<strong&gt;<span class=&quot;has-inline-color has-primary-color&quot;&gt;Ver\u00f3nica Rojas<\/span&gt;<\/strong&gt;\"\/><\/figure><div class=\"wp-block-coblocks-author__content\"><span class=\"wp-block-coblocks-author__name\"><strong><span class=\"has-inline-color has-primary-color\">Ver\u00f3nica Rojas<\/span><\/strong><\/span><p class=\"wp-block-coblocks-author__biography\"><em>\u00abSer parte del KOE Newsletter ha sido un gran reto a nivel de dise\u00f1o gr\u00e1fico. Sin embargo, le estamos poniendo todo el cari\u00f1o a este proyecto para que todos los usuarios tengan un material educativo y divertido\u00bb.<\/em><\/p>\n<div class=\"wp-block-button\"><a class=\"wp-block-button__link\">Dise\u00f1adora Gr\u00e1fica<\/a><\/div>\n<\/div><\/div>\n\n\n\n<div class=\"wp-block-coblocks-author\"><figure class=\"wp-block-coblocks-author__avatar\"><img class=\"wp-block-coblocks-author__avatar-img\" src=\"http:\/\/koe.la\/koenewsletter\/wp-content\/uploads\/2020\/06\/carlos-rodriguez.png\" alt=\"<strong&gt;<span class=&quot;has-inline-color has-primary-color&quot;&gt;Carlos Rodr\u00edguez<\/span&gt;<\/strong&gt;\"\/><\/figure><div class=\"wp-block-coblocks-author__content\"><span class=\"wp-block-coblocks-author__name\"><strong><span class=\"has-inline-color has-primary-color\">Carlos Rodr\u00edguez<\/span><\/strong><\/span><p class=\"wp-block-coblocks-author__biography\"><em>\u00abSer parte del equipo creativo y tener la experiencia de haber sido monitor me permite aportar y as\u00ed ofrecer al usuario KOE el mejor contenido y compartir lo m\u00e1s reciente de nuestra compa\u00f1\u00eda por medio del KOE Newsletter\u00bb.<\/em><\/p>\n<div class=\"wp-block-button\"><a class=\"wp-block-button__link\">Dise\u00f1ador Gr\u00e1fico<\/a><\/div>\n<\/div><\/div>\n\n\n\n<div class=\"wp-block-coblocks-author\"><figure class=\"wp-block-coblocks-author__avatar\"><img class=\"wp-block-coblocks-author__avatar-img\" src=\"http:\/\/koe.la\/koenewsletter\/wp-content\/uploads\/2020\/06\/SAIDY-PRIETO-e1592406765820.jpg\" alt=\"<strong&gt;<span class=&quot;has-inline-color has-primary-color&quot;&gt;Saidy Prieto<\/span&gt;<\/strong&gt;\"\/><\/figure><div class=\"wp-block-coblocks-author__content\"><span class=\"wp-block-coblocks-author__name\"><strong><span class=\"has-inline-color has-primary-color\">Saidy Prieto<\/span><\/strong><\/span><p class=\"wp-block-coblocks-author__biography\"><em>\u00abMe emociona formar parte de un equipo creativo que d\u00eda tras d\u00eda trabaja para brindarle lo mejor a sus usuarios. Espero que todos aprovechen y adquieran nuevos conocimientos con el KOE Newsletter, un complemento en su camino de aprendizaje del idioma ingl\u00e9s\u00bb. <\/em><\/p>\n<div class=\"wp-block-button\"><a class=\"wp-block-button__link\">Correctora<\/a><\/div>\n<\/div><\/div>\n\n\n\n<div class=\"wp-block-coblocks-author\"><figure class=\"wp-block-coblocks-author__avatar\"><img class=\"wp-block-coblocks-author__avatar-img\" src=\"http:\/\/koe.la\/koenewsletter\/wp-content\/uploads\/2020\/06\/MARIA-JOSE-VI\u00d1A.png\" alt=\"<strong&gt;<span class=&quot;has-inline-color has-primary-color&quot;&gt;Mar\u00eda Jos\u00e9 Delgado<\/span&gt;<\/strong&gt;\"\/><\/figure><div class=\"wp-block-coblocks-author__content\"><span class=\"wp-block-coblocks-author__name\"><strong><span class=\"has-inline-color has-primary-color\">Mar\u00eda Jos\u00e9 Delgado<\/span><\/strong><\/span><p class=\"wp-block-coblocks-author__biography\"><em>\u00abLos monitores de KOE tenemos la responsabilidad de transmitir el conocimiento del ingl\u00e9s de manera significativa. KOE Newsletter es una excelente herramienta para poner en pr\u00e1ctica el aprendizaje del idioma ingl\u00e9s de forma entretenida mientras practicamos la lectura, uno de los ejercicios m\u00e1s recomendados para dominar un idioma por completo\u00bb.<\/em><\/p>\n<div class=\"wp-block-button\"><a class=\"wp-block-button__link\">Productora<\/a><\/div>\n<\/div><\/div>\n\n\n\n<div class=\"wp-block-coblocks-author\"><figure class=\"wp-block-coblocks-author__avatar\"><img class=\"wp-block-coblocks-author__avatar-img\" src=\"http:\/\/koe.la\/koenewsletter\/wp-content\/uploads\/2020\/06\/miguel-garcia.png\" alt=\"<strong&gt;<span class=&quot;has-inline-color has-primary-color&quot;&gt;Miguel Garc\u00eda<\/span&gt;<\/strong&gt;\"\/><\/figure><div class=\"wp-block-coblocks-author__content\"><span class=\"wp-block-coblocks-author__name\"><strong><span class=\"has-inline-color has-primary-color\">Miguel Garc\u00eda<\/span><\/strong><\/span><p class=\"wp-block-coblocks-author__biography\"><em>\u00abCuando se inform\u00f3 que KOE tendr\u00eda un Newsletter, confirm\u00e9 una vez m\u00e1s que pertenezco a una compa\u00f1\u00eda que siempre busca poner a disposici\u00f3n de nuestros usuarios las mejores herramientas para un aprendizaje divertido y ameno. El poder trabajar en dicho proyecto, me llena de alegr\u00eda y satisfacci\u00f3n. Me siento orgulloso de colaborar en esta fant\u00e1stica entrega mensual a nuestros usuarios\u201d.<\/em><\/p>\n<div class=\"wp-block-button\"><a class=\"wp-block-button__link\">Productor<\/a><\/div>\n<\/div><\/div>\n","protected":false},"excerpt":{"rendered":"<p>Productores y Colaboradores<\/p>\n","protected":false},"author":2,"featured_media":210,"parent":0,"menu_order":0,"comment_status":"closed","ping_status":"closed","template":"","meta":{"hide_page_title":"","_coblocks_attr":"","_coblocks_dimensions":"","_coblocks_responsive_height":"","_coblocks_accordion_ie_support":""},"_links":{"self":[{"href":"https:\/\/koe.la\/koenewsletter\/wp-json\/wp\/v2\/pages\/177"}],"collection":[{"href":"https:\/\/koe.la\/koenewsletter\/wp-json\/wp\/v2\/pages"}],"about":[{"href":"https:\/\/koe.la\/koenewsletter\/wp-json\/wp\/v2\/types\/page"}],"author":[{"embeddable":true,"href":"https:\/\/koe.la\/koenewsletter\/wp-json\/wp\/v2\/users\/2"}],"replies":[{"embeddable":true,"href":"https:\/\/koe.la\/koenewsletter\/wp-json\/wp\/v2\/comments?post=177"}],"version-history":[{"count":10,"href":"https:\/\/koe.la\/koenewsletter\/wp-json\/wp\/v2\/pages\/177\/revisions"}],"predecessor-version":[{"id":367,"href":"https:\/\/koe.la\/koenewsletter\/wp-json\/wp\/v2\/pages\/177\/revisions\/367"}],"wp:featuredmedia":[{"embeddable":true,"href":"https:\/\/koe.la\/koenewsletter\/wp-json\/wp\/v2\/media\/210"}],"wp:attachment":[{"href":"https:\/\/koe.la\/koenewsletter\/wp-json\/wp\/v2\/media?parent=177"}],"curies":[{"name":"wp","href":"https:\/\/api.w.org\/{rel}","templated":true}]}}