{"id":669,"date":"2021-01-20T12:35:44","date_gmt":"2021-01-20T12:35:44","guid":{"rendered":"https:\/\/koe.la\/koenewsletter\/?page_id=669"},"modified":"2021-01-22T14:41:04","modified_gmt":"2021-01-22T14:41:04","slug":"enero-2021","status":"publish","type":"page","link":"https:\/\/koe.la\/koenewsletter\/enero-2021\/","title":{"rendered":"ENERO 2021"},"content":{"rendered":"\n<div class=\"wp-block-pdf-viewer-block-standard\" style=\"text-align:left\"><div class=\"uploaded-pdf\"><a href=\"https:\/\/koe.la\/koenewsletter\/wp-content\/uploads\/2021\/01\/KOENEWSLETTER-ENERO-2021-baja.pdf\" data-width=\"\" data-height=\"\"><\/a><\/div><\/div>\n\n\n\n<div class=\"wp-block-file\"><a href=\"https:\/\/koe.la\/koenewsletter\/wp-content\/uploads\/2021\/01\/KOENEWSLETTER-ENERO-2021-baja.pdf\"><strong><span class=\"has-inline-color has-primary-color\">KOENEWSLETTER &#8211; ENERO 2021<\/span><\/strong><\/a><a href=\"https:\/\/koe.la\/koenewsletter\/wp-content\/uploads\/2021\/01\/KOENEWSLETTER-ENERO-2021-baja.pdf\" class=\"wp-block-file__button\" download>Descargar<\/a><\/div>\n\n\n\n<div class=\"wp-block-columns\">\n<div class=\"wp-block-column\" style=\"flex-basis:100%\">\n<div class=\"wp-block-group\"><div class=\"wp-block-group__inner-container\">\n<div class=\"wp-block-columns\">\n<div class=\"wp-block-column\" style=\"flex-basis:100%\"><div class=\"wp-block-coblocks-posts is-style-stacked\"><div class=\"wp-block-coblocks-posts__inner has-columns has-2-columns has-responsive-columns has-square-image has-medium-gutter\" style=\"--coblocks-custom-gutter:em\"><div class=\"wp-block-coblocks-posts__item\"><div class=\"wp-block-coblocks-posts__image\"><a href=\"https:\/\/koe.la\/koenewsletter\/la-importancia-del-ingles-en-el-mundo-profesional\/\" class=\"bg-cover bg-center-center\" style=\"background-image:url(https:\/\/koe.la\/koenewsletter\/wp-content\/uploads\/2021\/04\/0002_Abstract_WOW_Comic_Style_Zoom_Pattern-scaled.jpg)\"><\/a><\/div><div class=\"wp-block-coblocks-posts__content\"><a href=\"https:\/\/koe.la\/koenewsletter\/la-importancia-del-ingles-en-el-mundo-profesional\/\" alt=\"La Importancia del Ingl\u00e9s en el Mundo Profesional\">La Importancia del Ingl\u00e9s en el Mundo Profesional<\/a><div class=\"wp-block-coblocks-posts__excerpt\">Al vivir en un pa\u00eds hispano-parlante, habr\u00e1s escuchado que el ingl\u00e9s es importante en el \u00e1mbito de los negocios &hellip; <\/div><\/div><\/div><div class=\"wp-block-coblocks-posts__item\"><div class=\"wp-block-coblocks-posts__image\"><a href=\"https:\/\/koe.la\/koenewsletter\/los-comics-y-el-aprendizaje-del-ingles\/\" class=\"bg-cover bg-center-center\" style=\"background-image:url(https:\/\/koe.la\/koenewsletter\/wp-content\/uploads\/2021\/04\/4887955-scaled.jpg)\"><\/a><\/div><div class=\"wp-block-coblocks-posts__content\"><a href=\"https:\/\/koe.la\/koenewsletter\/los-comics-y-el-aprendizaje-del-ingles\/\" alt=\"Los C\u00f3mics y el Aprendizaje del Ingl\u00e9s\">Los C\u00f3mics y el Aprendizaje del Ingl\u00e9s<\/a><div class=\"wp-block-coblocks-posts__excerpt\">No es una regla general, pero uno de los primeros pasos que damos en el mundo de la lectura &hellip; <\/div><\/div><\/div><div class=\"wp-block-coblocks-posts__item\"><div class=\"wp-block-coblocks-posts__image\"><a href=\"https:\/\/koe.la\/koenewsletter\/el-interminable-atractivo-de-los-comics\/\" class=\"bg-cover bg-center-center\" style=\"background-image:url(https:\/\/koe.la\/koenewsletter\/wp-content\/uploads\/2021\/04\/batman-dc-750x450-1.jpg)\"><\/a><\/div><div class=\"wp-block-coblocks-posts__content\"><a href=\"https:\/\/koe.la\/koenewsletter\/el-interminable-atractivo-de-los-comics\/\" alt=\"El Interminable Atractivo de los C\u00f3mics\">El Interminable Atractivo de los C\u00f3mics<\/a><div class=\"wp-block-coblocks-posts__excerpt\">Mientras que nos aceramos a la marca de los 100 a\u00f1os de la fecha en que se lanzaron por &hellip; <\/div><\/div><\/div><div class=\"wp-block-coblocks-posts__item\"><div class=\"wp-block-coblocks-posts__image\"><a href=\"https:\/\/koe.la\/koenewsletter\/the-endless-appeal-of-the-comic-books\/\" class=\"bg-cover bg-center-center\" style=\"background-image:url(https:\/\/koe.la\/koenewsletter\/wp-content\/uploads\/2021\/04\/707665e15f6ebca6162c49d195735315.jpg)\"><\/a><\/div><div class=\"wp-block-coblocks-posts__content\"><a href=\"https:\/\/koe.la\/koenewsletter\/the-endless-appeal-of-the-comic-books\/\" alt=\"The Endless Appeal of the Comic Books\">The Endless Appeal of the Comic Books<\/a><div class=\"wp-block-coblocks-posts__excerpt\">Nearing the 100-year mark to the date when they were first launched, comic books or simply comics \u2013 as &hellip; <\/div><\/div><\/div><div class=\"wp-block-coblocks-posts__item\"><div class=\"wp-block-coblocks-posts__image\"><a href=\"https:\/\/koe.la\/koenewsletter\/no-pares-tu-vida-para-aprender-a-hablar-ingles-mejor-hazlo-parte-de-ella\/\" class=\"bg-cover bg-center-center\" style=\"background-image:url(https:\/\/koe.la\/koenewsletter\/wp-content\/uploads\/2021\/03\/aprenderingles.png)\"><\/a><\/div><div class=\"wp-block-coblocks-posts__content\"><a href=\"https:\/\/koe.la\/koenewsletter\/no-pares-tu-vida-para-aprender-a-hablar-ingles-mejor-hazlo-parte-de-ella\/\" alt=\"NO PARES TU VIDA PARA APRENDER A HABLAR INGL\u00c9S, MEJOR HAZLO PARTE DE ELLA\">NO PARES TU VIDA PARA APRENDER A HABLAR INGL\u00c9S, MEJOR HAZLO PARTE DE ELLA<\/a><div class=\"wp-block-coblocks-posts__excerpt\">Seguramente has escuchado a alguien decir, o tal vez t\u00fa mismo lo has pensado, que no es posible aprender &hellip; <\/div><\/div><\/div><div class=\"wp-block-coblocks-posts__item\"><div class=\"wp-block-coblocks-posts__image\"><a href=\"https:\/\/koe.la\/koenewsletter\/everything-you-always-wanted-to-know-about-english-and-the-gaming-community-but-were-afraid-to-ask\/\" class=\"bg-cover bg-center-center\" style=\"background-image:url(https:\/\/koe.la\/koenewsletter\/wp-content\/uploads\/2021\/03\/every.png)\"><\/a><\/div><div class=\"wp-block-coblocks-posts__content\"><a href=\"https:\/\/koe.la\/koenewsletter\/everything-you-always-wanted-to-know-about-english-and-the-gaming-community-but-were-afraid-to-ask\/\" alt=\"Everything You Always Wanted to Know about English and the Gaming Community\u2026 But Were Afraid to Ask\">Everything You Always Wanted to Know about English and the Gaming Community\u2026 But Were Afraid to Ask<\/a><div class=\"wp-block-coblocks-posts__excerpt\">How big is the English gaming community? The&nbsp;global media and entertainment market&nbsp;has consistently been on the rise. The entire &hellip; <\/div><\/div><\/div><\/div><\/div><\/div>\n<\/div>\n<\/div><\/div>\n<\/div>\n<\/div>\n","protected":false},"excerpt":{"rendered":"","protected":false},"author":2,"featured_media":0,"parent":0,"menu_order":0,"comment_status":"closed","ping_status":"closed","template":"","meta":{"hide_page_title":"","_coblocks_attr":"","_coblocks_dimensions":"","_coblocks_responsive_height":"","_coblocks_accordion_ie_support":""},"_links":{"self":[{"href":"https:\/\/koe.la\/koenewsletter\/wp-json\/wp\/v2\/pages\/669"}],"collection":[{"href":"https:\/\/koe.la\/koenewsletter\/wp-json\/wp\/v2\/pages"}],"about":[{"href":"https:\/\/koe.la\/koenewsletter\/wp-json\/wp\/v2\/types\/page"}],"author":[{"embeddable":true,"href":"https:\/\/koe.la\/koenewsletter\/wp-json\/wp\/v2\/users\/2"}],"replies":[{"embeddable":true,"href":"https:\/\/koe.la\/koenewsletter\/wp-json\/wp\/v2\/comments?post=669"}],"version-history":[{"count":4,"href":"https:\/\/koe.la\/koenewsletter\/wp-json\/wp\/v2\/pages\/669\/revisions"}],"predecessor-version":[{"id":703,"href":"https:\/\/koe.la\/koenewsletter\/wp-json\/wp\/v2\/pages\/669\/revisions\/703"}],"wp:attachment":[{"href":"https:\/\/koe.la\/koenewsletter\/wp-json\/wp\/v2\/media?parent=669"}],"curies":[{"name":"wp","href":"https:\/\/api.w.org\/{rel}","templated":true}]}}