{"id":93,"date":"2020-06-16T13:52:29","date_gmt":"2020-06-16T13:52:29","guid":{"rendered":"http:\/\/koe.la\/koenewsletter\/?page_id=93"},"modified":"2020-06-18T14:42:58","modified_gmt":"2020-06-18T14:42:58","slug":"nosotros","status":"publish","type":"page","link":"https:\/\/koe.la\/koenewsletter\/nosotros\/","title":{"rendered":"Nosotros"},"content":{"rendered":"\n<p class=\"has-background has-quaternary-background-color\"><span class=\"has-inline-color has-primary-color\">Somos un equipo comprometido con aportar las mejores herramientas a todos los usuarios que accedan a<strong> KOE <\/strong>para <strong>aprender a hablar ingl\u00e9s <\/strong>de una <strong>manera r\u00e1pida, f\u00e1cil y entretenida.<\/strong><\/span><\/p>\n\n\n\n<p class=\"has-background has-quaternary-background-color\"><span class=\"has-inline-color has-primary-color\">Trabajar para desarrollar el<strong> KOE Newsletter<\/strong> es todo un agrado para todo el equipo creativo que d\u00eda tras d\u00eda se compromete con difundir contenido de valor para el aprendizaje del <strong>idioma ingl\u00e9s.<\/strong><\/span><\/p>\n\n\n\n<p class=\"has-background has-tertiary-background-color\"><span class=\"has-inline-color has-primary-color\">Esperamos disfruten de cada edici\u00f3n. Est\u00e1 hecha para ustedes.<\/span><\/p>\n\n\n\n<p class=\"has-text-align-center\">      <em><span class=\"has-inline-color has-primary-color\"><strong>Equipo Creativo KOE Newsletter<\/strong><\/span><\/em><\/p>\n","protected":false},"excerpt":{"rendered":"<p>Somos un equipo comprometido con aportar las mejores herramientas a todos los usuarios que accedan a KOE para aprender a hablar ingl\u00e9s de una manera r\u00e1pida, f\u00e1cil y entretenida. Trabajar para desarrollar el KOE Newsletter es todo un agrado para todo el equipo creativo que d\u00eda tras d\u00eda se compromete con difundir contenido de valor [&hellip;]<\/p>\n","protected":false},"author":2,"featured_media":327,"parent":0,"menu_order":0,"comment_status":"closed","ping_status":"closed","template":"","meta":{"hide_page_title":"","_coblocks_attr":"","_coblocks_dimensions":"","_coblocks_responsive_height":"","_coblocks_accordion_ie_support":""},"_links":{"self":[{"href":"https:\/\/koe.la\/koenewsletter\/wp-json\/wp\/v2\/pages\/93"}],"collection":[{"href":"https:\/\/koe.la\/koenewsletter\/wp-json\/wp\/v2\/pages"}],"about":[{"href":"https:\/\/koe.la\/koenewsletter\/wp-json\/wp\/v2\/types\/page"}],"author":[{"embeddable":true,"href":"https:\/\/koe.la\/koenewsletter\/wp-json\/wp\/v2\/users\/2"}],"replies":[{"embeddable":true,"href":"https:\/\/koe.la\/koenewsletter\/wp-json\/wp\/v2\/comments?post=93"}],"version-history":[{"count":6,"href":"https:\/\/koe.la\/koenewsletter\/wp-json\/wp\/v2\/pages\/93\/revisions"}],"predecessor-version":[{"id":341,"href":"https:\/\/koe.la\/koenewsletter\/wp-json\/wp\/v2\/pages\/93\/revisions\/341"}],"wp:featuredmedia":[{"embeddable":true,"href":"https:\/\/koe.la\/koenewsletter\/wp-json\/wp\/v2\/media\/327"}],"wp:attachment":[{"href":"https:\/\/koe.la\/koenewsletter\/wp-json\/wp\/v2\/media?parent=93"}],"curies":[{"name":"wp","href":"https:\/\/api.w.org\/{rel}","templated":true}]}}