{"id":95,"date":"2020-06-16T13:52:29","date_gmt":"2020-06-16T13:52:29","guid":{"rendered":"http:\/\/koe.la\/koenewsletter\/?page_id=95"},"modified":"2021-01-22T18:05:27","modified_gmt":"2021-01-22T18:05:27","slug":"objetivos","status":"publish","type":"page","link":"https:\/\/koe.la\/koenewsletter\/objetivos\/","title":{"rendered":"Ediciones"},"content":{"rendered":"\n<div class=\"wp-block-group\"><div class=\"wp-block-group__inner-container\"><\/div><\/div>\n\n\n\n<div class=\"wp-block-file\"><a href=\"https:\/\/koe.la\/koenewsletter\/wp-content\/uploads\/2020\/08\/KOENEWSLETTER-AGOSTO-2020-1-1.pdf\"><strong><span class=\"has-inline-color has-primary-color\">AGOSTO 2020<\/span><\/strong><\/a><a href=\"https:\/\/koe.la\/koenewsletter\/wp-content\/uploads\/2020\/08\/KOENEWSLETTER-AGOSTO-2020-1-1.pdf\" class=\"wp-block-file__button\" download>Descargar<\/a><\/div>\n\n\n\n<div class=\"wp-block-file\"><a href=\"https:\/\/koe.la\/koenewsletter\/wp-content\/uploads\/2020\/07\/KOENEWSLETTER-JULIO-2020-BAJA-1.pdf\"><strong><span class=\"has-inline-color has-primary-color\">JULIO 2020<\/span><\/strong><\/a><a href=\"https:\/\/koe.la\/koenewsletter\/wp-content\/uploads\/2020\/07\/KOENEWSLETTER-JULIO-2020-BAJA-1.pdf\" class=\"wp-block-file__button\" download>Descargar<\/a><\/div>\n\n\n\n<div class=\"wp-block-file\"><a href=\"http:\/\/koe.la\/koenewsletter\/wp-content\/uploads\/2020\/06\/KOENEWSLETTER-JUNIO-2020-1-1.pdf\"><strong><span class=\"has-inline-color has-primary-color\">JUNIO 2020 &#8211; <em>EDICI\u00d3N ESPECIAL<\/em><\/span><\/strong><\/a><a href=\"http:\/\/koe.la\/koenewsletter\/wp-content\/uploads\/2020\/06\/KOENEWSLETTER-JUNIO-2020-1-1.pdf\" class=\"wp-block-file__button\" download>Descargar<\/a><\/div>\n\n\n\n<div class=\"wp-block-file\"><a href=\"http:\/\/koe.la\/koenewsletter\/wp-content\/uploads\/2020\/06\/KOENEWSLETTER-V2-MAYO-2020-2.pdf\"><strong><span class=\"has-inline-color has-primary-color\">MAYO 2020<\/span><\/strong> <\/a><a href=\"http:\/\/koe.la\/koenewsletter\/wp-content\/uploads\/2020\/06\/KOENEWSLETTER-V2-MAYO-2020-2.pdf\" class=\"wp-block-file__button\" download>Descargar<\/a><\/div>\n\n\n\n<div class=\"wp-block-file\"><a href=\"http:\/\/koe.la\/koenewsletter\/wp-content\/uploads\/2020\/06\/KOENEWSLETTER-ABRIL-2020.pdf\"><strong><span class=\"has-inline-color has-primary-color\">ABRIL 2020<\/span><\/strong><\/a><a href=\"http:\/\/koe.la\/koenewsletter\/wp-content\/uploads\/2020\/06\/KOENEWSLETTER-ABRIL-2020.pdf\" class=\"wp-block-file__button\" download>Descargar<\/a><\/div>\n\n\n\n<div style=\"height:70px\" aria-hidden=\"true\" class=\"wp-block-spacer\"><\/div>\n\n\n\n<div class=\"wp-block-columns\">\n<div class=\"wp-block-column\" style=\"flex-basis:100%\"><ul class=\"wp-block-latest-posts__list wp-block-latest-posts\"><li><div class=\"wp-block-latest-posts__featured-image\"><img width=\"150\" height=\"150\" src=\"https:\/\/koe.la\/koenewsletter\/wp-content\/uploads\/2021\/04\/0002_Abstract_WOW_Comic_Style_Zoom_Pattern-150x150.jpg\" class=\"attachment-thumbnail size-thumbnail wp-post-image\" alt=\"\" loading=\"lazy\" style=\"\" \/><\/div><a href=\"https:\/\/koe.la\/koenewsletter\/la-importancia-del-ingles-en-el-mundo-profesional\/\">La Importancia del Ingl\u00e9s en el Mundo Profesional<\/a><div class=\"wp-block-latest-posts__post-excerpt\">Al vivir en un pa\u00eds hispano-parlante, habr\u00e1s escuchado que el ingl\u00e9s es importante [&hellip;]<\/div><\/li>\n<li><div class=\"wp-block-latest-posts__featured-image\"><img width=\"150\" height=\"150\" src=\"https:\/\/koe.la\/koenewsletter\/wp-content\/uploads\/2021\/04\/4887955-150x150.jpg\" class=\"attachment-thumbnail size-thumbnail wp-post-image\" alt=\"\" loading=\"lazy\" style=\"\" \/><\/div><a href=\"https:\/\/koe.la\/koenewsletter\/los-comics-y-el-aprendizaje-del-ingles\/\">Los C\u00f3mics y el Aprendizaje del Ingl\u00e9s<\/a><div class=\"wp-block-latest-posts__post-excerpt\">No es una regla general, pero uno de los primeros pasos que damos [&hellip;]<\/div><\/li>\n<li><div class=\"wp-block-latest-posts__featured-image\"><img width=\"150\" height=\"150\" src=\"https:\/\/koe.la\/koenewsletter\/wp-content\/uploads\/2021\/04\/batman-dc-750x450-1-150x150.jpg\" class=\"attachment-thumbnail size-thumbnail wp-post-image\" alt=\"\" loading=\"lazy\" style=\"\" \/><\/div><a href=\"https:\/\/koe.la\/koenewsletter\/el-interminable-atractivo-de-los-comics\/\">El Interminable Atractivo de los C\u00f3mics<\/a><div class=\"wp-block-latest-posts__post-excerpt\">Mientras que nos aceramos a la marca de los 100 a\u00f1os de la [&hellip;]<\/div><\/li>\n<li><div class=\"wp-block-latest-posts__featured-image\"><img width=\"150\" height=\"150\" src=\"https:\/\/koe.la\/koenewsletter\/wp-content\/uploads\/2021\/04\/707665e15f6ebca6162c49d195735315-150x150.jpg\" class=\"attachment-thumbnail size-thumbnail wp-post-image\" alt=\"\" loading=\"lazy\" style=\"\" \/><\/div><a href=\"https:\/\/koe.la\/koenewsletter\/the-endless-appeal-of-the-comic-books\/\">The Endless Appeal of the Comic Books<\/a><div class=\"wp-block-latest-posts__post-excerpt\">Nearing the 100-year mark to the date when they were first launched, comic [&hellip;]<\/div><\/li>\n<li><div class=\"wp-block-latest-posts__featured-image\"><img width=\"150\" height=\"150\" src=\"https:\/\/koe.la\/koenewsletter\/wp-content\/uploads\/2021\/03\/aprenderingles-150x150.png\" class=\"attachment-thumbnail size-thumbnail wp-post-image\" alt=\"\" loading=\"lazy\" style=\"\" \/><\/div><a href=\"https:\/\/koe.la\/koenewsletter\/no-pares-tu-vida-para-aprender-a-hablar-ingles-mejor-hazlo-parte-de-ella\/\">NO PARES TU VIDA PARA APRENDER A HABLAR INGL\u00c9S, MEJOR HAZLO PARTE DE ELLA<\/a><div class=\"wp-block-latest-posts__post-excerpt\">Seguramente has escuchado a alguien decir, o tal vez t\u00fa mismo lo has [&hellip;]<\/div><\/li>\n<li><div class=\"wp-block-latest-posts__featured-image\"><img width=\"150\" height=\"150\" src=\"https:\/\/koe.la\/koenewsletter\/wp-content\/uploads\/2021\/03\/every-150x150.png\" class=\"attachment-thumbnail size-thumbnail wp-post-image\" alt=\"\" loading=\"lazy\" style=\"\" \/><\/div><a href=\"https:\/\/koe.la\/koenewsletter\/everything-you-always-wanted-to-know-about-english-and-the-gaming-community-but-were-afraid-to-ask\/\">Everything You Always Wanted to Know about English and the Gaming Community\u2026 But Were Afraid to Ask<\/a><div class=\"wp-block-latest-posts__post-excerpt\">How big is the English gaming community? The&nbsp;global media and entertainment market&nbsp;has consistently [&hellip;]<\/div><\/li>\n<\/ul><\/div>\n<\/div>\n\n\n\n<p><\/p>\n","protected":false},"excerpt":{"rendered":"","protected":false},"author":2,"featured_media":243,"parent":0,"menu_order":0,"comment_status":"closed","ping_status":"closed","template":"","meta":{"hide_page_title":"","_coblocks_attr":"","_coblocks_dimensions":"","_coblocks_responsive_height":"","_coblocks_accordion_ie_support":""},"_links":{"self":[{"href":"https:\/\/koe.la\/koenewsletter\/wp-json\/wp\/v2\/pages\/95"}],"collection":[{"href":"https:\/\/koe.la\/koenewsletter\/wp-json\/wp\/v2\/pages"}],"about":[{"href":"https:\/\/koe.la\/koenewsletter\/wp-json\/wp\/v2\/types\/page"}],"author":[{"embeddable":true,"href":"https:\/\/koe.la\/koenewsletter\/wp-json\/wp\/v2\/users\/2"}],"replies":[{"embeddable":true,"href":"https:\/\/koe.la\/koenewsletter\/wp-json\/wp\/v2\/comments?post=95"}],"version-history":[{"count":14,"href":"https:\/\/koe.la\/koenewsletter\/wp-json\/wp\/v2\/pages\/95\/revisions"}],"predecessor-version":[{"id":705,"href":"https:\/\/koe.la\/koenewsletter\/wp-json\/wp\/v2\/pages\/95\/revisions\/705"}],"wp:featuredmedia":[{"embeddable":true,"href":"https:\/\/koe.la\/koenewsletter\/wp-json\/wp\/v2\/media\/243"}],"wp:attachment":[{"href":"https:\/\/koe.la\/koenewsletter\/wp-json\/wp\/v2\/media?parent=95"}],"curies":[{"name":"wp","href":"https:\/\/api.w.org\/{rel}","templated":true}]}}