{"id":97,"date":"2020-06-16T13:52:29","date_gmt":"2020-06-16T13:52:29","guid":{"rendered":"http:\/\/koe.la\/koenewsletter\/?page_id=97"},"modified":"2020-06-18T16:15:18","modified_gmt":"2020-06-18T16:15:18","slug":"editoriales","status":"publish","type":"page","link":"https:\/\/koe.la\/koenewsletter\/editoriales\/","title":{"rendered":"Editoriales"},"content":{"rendered":"\n<p style=\"font-size:60px\" class=\"has-text-align-center\"><strong><span class=\"has-inline-color has-primary-color\"><em>Editoriales<\/em><\/span><\/strong><\/p>\n\n\n\n<div style=\"height:47px\" aria-hidden=\"true\" class=\"wp-block-spacer\"><\/div>\n\n\n<div class=\"wp-block-coblocks-posts is-style-horizontal\"><div class=\"wp-block-coblocks-posts__inner has-columns has-1-columns has-responsive-columns has-large-image has-square-image\" style=\"--coblocks-custom-gutter:em\"><div class=\"wp-block-coblocks-posts__item\"><div class=\"wp-block-coblocks-posts__image\"><a href=\"https:\/\/koe.la\/koenewsletter\/el-interminable-atractivo-de-los-comics\/\" class=\"bg-cover bg-center-center\" style=\"background-image:url(https:\/\/koe.la\/koenewsletter\/wp-content\/uploads\/2021\/04\/batman-dc-750x450-1.jpg)\"><\/a><\/div><div class=\"wp-block-coblocks-posts__content\"><a href=\"https:\/\/koe.la\/koenewsletter\/el-interminable-atractivo-de-los-comics\/\" alt=\"El Interminable Atractivo de los C\u00f3mics\">El Interminable Atractivo de los C\u00f3mics<\/a><div class=\"wp-block-coblocks-posts__excerpt\">Mientras que nos aceramos a la marca de los 100 a\u00f1os de la fecha en que se lanzaron por primera vez, los libros de c\u00f3mics o &hellip; <\/div><\/div><\/div><div class=\"wp-block-coblocks-posts__item\"><div class=\"wp-block-coblocks-posts__image\"><a href=\"https:\/\/koe.la\/koenewsletter\/the-endless-appeal-of-the-comic-books\/\" class=\"bg-cover bg-center-center\" style=\"background-image:url(https:\/\/koe.la\/koenewsletter\/wp-content\/uploads\/2021\/04\/707665e15f6ebca6162c49d195735315.jpg)\"><\/a><\/div><div class=\"wp-block-coblocks-posts__content\"><a href=\"https:\/\/koe.la\/koenewsletter\/the-endless-appeal-of-the-comic-books\/\" alt=\"The Endless Appeal of the Comic Books\">The Endless Appeal of the Comic Books<\/a><div class=\"wp-block-coblocks-posts__excerpt\">Nearing the 100-year mark to the date when they were first launched, comic books or simply comics \u2013 as they\u2019re called in many places \u2013 have &hellip; <\/div><\/div><\/div><div class=\"wp-block-coblocks-posts__item\"><div class=\"wp-block-coblocks-posts__image\"><a href=\"https:\/\/koe.la\/koenewsletter\/la-evolucion-de-los-videojuegos\/\" class=\"bg-cover bg-center-center\" style=\"background-image:url(https:\/\/koe.la\/koenewsletter\/wp-content\/uploads\/2021\/03\/videogams-2.png)\"><\/a><\/div><div class=\"wp-block-coblocks-posts__content\"><a href=\"https:\/\/koe.la\/koenewsletter\/la-evolucion-de-los-videojuegos\/\" alt=\"La Evoluci\u00f3n de los Videojuegos\">La Evoluci\u00f3n de los Videojuegos<\/a><div class=\"wp-block-coblocks-posts__excerpt\">Lo que comenz\u00f3 posterior a la Segunda Guerra Mundial como un dispositivo para descifrar c\u00f3digos r\u00e1pidamente durante la d\u00e9cada de los 1940\u2019s, se convirti\u00f3 en el &hellip; <\/div><\/div><\/div><div class=\"wp-block-coblocks-posts__item\"><div class=\"wp-block-coblocks-posts__image\"><a href=\"https:\/\/koe.la\/koenewsletter\/the-evolution-of-video-games\/\" class=\"bg-cover bg-center-center\" style=\"background-image:url(https:\/\/koe.la\/koenewsletter\/wp-content\/uploads\/2021\/03\/videogams-1.png)\"><\/a><\/div><div class=\"wp-block-coblocks-posts__content\"><a href=\"https:\/\/koe.la\/koenewsletter\/the-evolution-of-video-games\/\" alt=\"The Evolution of Video Games\">The Evolution of Video Games<\/a><div class=\"wp-block-coblocks-posts__excerpt\">What started as a post-World War II device for breaking codes&nbsp;rapidly during the 1940\u2019s, went on to become the favorite pastime for kids with overdeveloped minds &hellip; <\/div><\/div><\/div><div class=\"wp-block-coblocks-posts__item\"><div class=\"wp-block-coblocks-posts__image\"><a href=\"https:\/\/koe.la\/koenewsletter\/una-resolucion-para-el-ano-nuevo\/\" class=\"bg-cover bg-center-center\" style=\"background-image:url(https:\/\/koe.la\/koenewsletter\/wp-content\/uploads\/2021\/01\/celebrating-new-year-scaled.jpg)\"><\/a><\/div><div class=\"wp-block-coblocks-posts__content\"><a href=\"https:\/\/koe.la\/koenewsletter\/una-resolucion-para-el-ano-nuevo\/\" alt=\"Una Resoluci\u00f3n para el A\u00f1o Nuevo\">Una Resoluci\u00f3n para el A\u00f1o Nuevo<\/a><div class=\"wp-block-coblocks-posts__excerpt\">Desde que tengo memoria, siempre hubo una celebraci\u00f3n muy importante en mi hogar, una que aparentemente les daba a todos la oportunidad de dejar atr\u00e1s todas &hellip; <\/div><\/div><\/div><div class=\"wp-block-coblocks-posts__item\"><div class=\"wp-block-coblocks-posts__image\"><a href=\"https:\/\/koe.la\/koenewsletter\/a-resolution-for-the-new-year\/\" class=\"bg-cover bg-center-center\" style=\"background-image:url(https:\/\/koe.la\/koenewsletter\/wp-content\/uploads\/2021\/01\/the-girl-is-holding-bengal-fire-2-scaled.jpg)\"><\/a><\/div><div class=\"wp-block-coblocks-posts__content\"><a href=\"https:\/\/koe.la\/koenewsletter\/a-resolution-for-the-new-year\/\" alt=\"A Resolution for the New Year\">A Resolution for the New Year<\/a><div class=\"wp-block-coblocks-posts__excerpt\">As far back as I can remember, there was always a very important celebration in my household, one that seemingly gave everyone a chance to leave &hellip; <\/div><\/div><\/div><div class=\"wp-block-coblocks-posts__item\"><div class=\"wp-block-coblocks-posts__image\"><a href=\"https:\/\/koe.la\/koenewsletter\/aprendiendo-ingles-a-traves-del-septimo-arte\/\" class=\"bg-cover bg-center-center\" style=\"background-image:url(https:\/\/koe.la\/koenewsletter\/wp-content\/uploads\/2020\/11\/the-spectators-in-the-cinema-scaled.jpg)\"><\/a><\/div><div class=\"wp-block-coblocks-posts__content\"><a href=\"https:\/\/koe.la\/koenewsletter\/aprendiendo-ingles-a-traves-del-septimo-arte\/\" alt=\"Aprendiendo Ingl\u00e9s a trav\u00e9s del S\u00e9ptimo Arte\">Aprendiendo Ingl\u00e9s a trav\u00e9s del S\u00e9ptimo Arte<\/a><div class=\"wp-block-coblocks-posts__excerpt\">Como alguien cuya vida ha sido impactada, tanto por las pel\u00edculas, como por el idioma ingl\u00e9s, poner esos dos elementos juntos en una nota editorial trae &hellip; <\/div><\/div><\/div><div class=\"wp-block-coblocks-posts__item\"><div class=\"wp-block-coblocks-posts__image\"><a href=\"https:\/\/koe.la\/koenewsletter\/learning-english-through-the-seventh-art\/\" class=\"bg-cover bg-center-center\" style=\"background-image:url(https:\/\/koe.la\/koenewsletter\/wp-content\/uploads\/2020\/11\/shocked-punk-couple-scatter-popcorn-and-looking-scaled.jpg)\"><\/a><\/div><div class=\"wp-block-coblocks-posts__content\"><a href=\"https:\/\/koe.la\/koenewsletter\/learning-english-through-the-seventh-art\/\" alt=\"Learning English through the Seventh Art\">Learning English through the Seventh Art<\/a><div class=\"wp-block-coblocks-posts__excerpt\">As someone whose life has been impacted by both, movies and the English language, putting those two elements together in an editorial note brings joy to &hellip; <\/div><\/div><\/div><div class=\"wp-block-coblocks-posts__item\"><div class=\"wp-block-coblocks-posts__image\"><a href=\"https:\/\/koe.la\/koenewsletter\/el-espiritu-viajero\/\" class=\"bg-cover bg-center-center\" style=\"background-image:url(https:\/\/koe.la\/koenewsletter\/wp-content\/uploads\/2020\/10\/young-cheerful-travelers-with-backpacks-smiling-walking-in-canyon-scaled-e1602792449220.jpg)\"><\/a><\/div><div class=\"wp-block-coblocks-posts__content\"><a href=\"https:\/\/koe.la\/koenewsletter\/el-espiritu-viajero\/\" alt=\"El Esp\u00edritu Viajero\">El Esp\u00edritu Viajero<\/a><div class=\"wp-block-coblocks-posts__excerpt\">Desde que se han mantenido registros en forma escrita, la raza humana ha mostrado un instinto y una necesidad de viajar y descubrir nuevos mundos y &hellip; <\/div><\/div><\/div><div class=\"wp-block-coblocks-posts__item\"><div class=\"wp-block-coblocks-posts__image\"><a href=\"https:\/\/koe.la\/koenewsletter\/the-traveling-spirit\/\" class=\"bg-cover bg-center-center\" style=\"background-image:url(https:\/\/koe.la\/koenewsletter\/wp-content\/uploads\/2020\/10\/female-tourists-on-hand-have-happy-travel-map-scaled-e1602785599907.jpg)\"><\/a><\/div><div class=\"wp-block-coblocks-posts__content\"><a href=\"https:\/\/koe.la\/koenewsletter\/the-traveling-spirit\/\" alt=\"The Traveling Spirit\">The Traveling Spirit<\/a><div class=\"wp-block-coblocks-posts__excerpt\">For as long as there have been records kept in the written form, the human race has showed an instinct and need to travel and discover &hellip; <\/div><\/div><\/div><\/div><\/div>\n\n\n<p><\/p>\n","protected":false},"excerpt":{"rendered":"<p>Editoriales<\/p>\n","protected":false},"author":2,"featured_media":144,"parent":0,"menu_order":0,"comment_status":"closed","ping_status":"closed","template":"","meta":{"hide_page_title":"","_coblocks_attr":"","_coblocks_dimensions":"","_coblocks_responsive_height":"","_coblocks_accordion_ie_support":""},"_links":{"self":[{"href":"https:\/\/koe.la\/koenewsletter\/wp-json\/wp\/v2\/pages\/97"}],"collection":[{"href":"https:\/\/koe.la\/koenewsletter\/wp-json\/wp\/v2\/pages"}],"about":[{"href":"https:\/\/koe.la\/koenewsletter\/wp-json\/wp\/v2\/types\/page"}],"author":[{"embeddable":true,"href":"https:\/\/koe.la\/koenewsletter\/wp-json\/wp\/v2\/users\/2"}],"replies":[{"embeddable":true,"href":"https:\/\/koe.la\/koenewsletter\/wp-json\/wp\/v2\/comments?post=97"}],"version-history":[{"count":10,"href":"https:\/\/koe.la\/koenewsletter\/wp-json\/wp\/v2\/pages\/97\/revisions"}],"predecessor-version":[{"id":364,"href":"https:\/\/koe.la\/koenewsletter\/wp-json\/wp\/v2\/pages\/97\/revisions\/364"}],"wp:featuredmedia":[{"embeddable":true,"href":"https:\/\/koe.la\/koenewsletter\/wp-json\/wp\/v2\/media\/144"}],"wp:attachment":[{"href":"https:\/\/koe.la\/koenewsletter\/wp-json\/wp\/v2\/media?parent=97"}],"curies":[{"name":"wp","href":"https:\/\/api.w.org\/{rel}","templated":true}]}}